{"id":3597,"date":"2026-01-21T09:41:34","date_gmt":"2026-01-21T08:41:34","guid":{"rendered":"https:\/\/www.biolitec.com\/imprint\/"},"modified":"2026-04-13T15:13:33","modified_gmt":"2026-04-13T13:13:33","slug":"mentions-legales","status":"publish","type":"page","link":"https:\/\/www.biolitec.com\/fr\/mentions-legales\/","title":{"rendered":"Mentions l\u00e9gales"},"content":{"rendered":"<p>[et_pb_section fb_built=\u00a0\u00bb1&Prime; custom_padding_last_edited=\u00a0\u00bbon|phone\u00a0\u00bb module_id=\u00a0\u00bbproduct-overview-hero\u00a0\u00bb _builder_version=\u00a0\u00bb4.27.4&Prime; _module_preset=\u00a0\u00bbdefault\u00a0\u00bb custom_margin=\u00a0\u00bb0px||0px||false|false\u00a0\u00bb custom_padding=\u00a0\u00bb100px||100px||false|false\u00a0\u00bb custom_padding_tablet=\u00a0\u00bb100px||100px||false|false\u00a0\u00bb custom_padding_phone=\u00a0\u00bb50px||50px||false|false\u00a0\u00bb global_colors_info=\u00a0\u00bb{}\u00a0\u00bb][et_pb_row _builder_version=\u00a0\u00bb4.27.4&Prime; _module_preset=\u00a0\u00bbdefault\u00a0\u00bb custom_margin=\u00a0\u00bb0px||0px||false|false\u00a0\u00bb custom_padding=\u00a0\u00bb0px|5%|0px|5%|false|false\u00a0\u00bb global_colors_info=\u00a0\u00bb{}\u00a0\u00bb][et_pb_column type=\u00a0\u00bb4_4&Prime; _builder_version=\u00a0\u00bb4.27.4&Prime; _module_preset=\u00a0\u00bbdefault\u00a0\u00bb global_colors_info=\u00a0\u00bb{}\u00a0\u00bb][et_pb_text _builder_version=\u00a0\u00bb4.27.4&Prime; _module_preset=\u00a0\u00bbdefault\u00a0\u00bb text_font=\u00a0\u00bb&#8211;et_global_body_font|700||on|||||\u00a0\u00bb text_font_size=\u00a0\u00bb22px\u00a0\u00bb text_line_height=\u00a0\u00bb28px\u00a0\u00bb global_colors_info=\u00a0\u00bb{}\u00a0\u00bb]<\/p>\n<p><span data-metadata=\"&lt;!--(figmeta)eyJmaWxlS2V5IjoiNHA1UVVtcURXYlE3ZFM5bDFVdklwMCIsInBhc3RlSUQiOjIwMzcxNzIwNjcsImRhdGFUeXBlIjoic2NlbmUifQo=(\/figmeta)--&gt;\"><\/span>MENTIONS L\u00c9GALES<\/p>\n<p>[\/et_pb_text][et_pb_text _builder_version=\u00a0\u00bb4.27.4&Prime; _module_preset=\u00a0\u00bbdefault\u00a0\u00bb text_font=\u00a0\u00bb&#8211;et_global_body_font||||||||\u00a0\u00bb text_font_size=\u00a0\u00bb22px\u00a0\u00bb text_line_height=\u00a0\u00bb28px\u00a0\u00bb header_font=\u00a0\u00bb&#8211;et_global_body_font|700|||||||\u00a0\u00bb header_text_color=\u00a0\u00bb#000000&Prime; header_font_size=\u00a0\u00bb55px\u00a0\u00bb header_line_height=\u00a0\u00bb70px\u00a0\u00bb max_width=\u00a0\u00bb960px\u00a0\u00bb custom_margin=\u00a0\u00bb||0px||false|false\u00a0\u00bb custom_padding=\u00a0\u00bb||100px||false|false\u00a0\u00bb hover_enabled=\u00a0\u00bb0&Prime; header_font_size_tablet=\u00a0\u00bb55px\u00a0\u00bb header_font_size_phone=\u00a0\u00bb34px\u00a0\u00bb header_font_size_last_edited=\u00a0\u00bbon|phone\u00a0\u00bb header_line_height_tablet=\u00a0\u00bb70px\u00a0\u00bb header_line_height_phone=\u00a0\u00bb44px\u00a0\u00bb header_line_height_last_edited=\u00a0\u00bbon|phone\u00a0\u00bb global_colors_info=\u00a0\u00bb{}\u00a0\u00bb sticky_enabled=\u00a0\u00bb0&Prime;]<\/p>\n<p><strong>biolitec\u00ae Holding GmbH &amp; Co KG<\/strong><br \/>Untere Viaduktgasse 6\/9<br \/>A-1030 Vienne<br \/>Autriche<\/p>\n<p>T\u00e9l\u00e9phone +43 (1) 3619 909 50<br \/>Fax +43 (1) 3619 909 99<\/p>\n<p><span style=\"text-decoration: underline; color: #000000;\">info@biolitec.com<\/span><br \/><span style=\"text-decoration: underline; color: #000000;\">www.biolitec.com<\/span><\/p>\n<p><strong>Repr\u00e9sentant l\u00e9gal :<\/strong><br \/>Associ\u00e9 personnellement responsable :<br \/>biolitec Holding GmbH<\/p>\n<p>Directeur g\u00e9n\u00e9ral :<br \/>Dr Wolfgang Neuberger (repr\u00e9sentant unique)<\/p>\n<p>Registre du commerce<br \/>Tribunal d&rsquo;instance local de Vienne<\/p>\n<p>Num\u00e9ro d&rsquo;enregistrement<br \/>FN 617729 a<\/p>\n<p>Num\u00e9ro d&rsquo;identification TVA<br \/>ATU80247145<\/p>\n<p>[\/et_pb_text][et_pb_code _builder_version=\u00a0\u00bb4.27.4&Prime; _module_preset=\u00a0\u00bbdefault\u00a0\u00bb global_colors_info=\u00a0\u00bb{}\u00a0\u00bb]<\/p>\n<style><!-- [et_pb_line_break_holder] -->  a{<!-- [et_pb_line_break_holder] -->    color:black;<!-- [et_pb_line_break_holder] -->    text-decoration:underline;<!-- [et_pb_line_break_holder] -->  }<!-- [et_pb_line_break_holder] --><\/style>\n<p>[\/et_pb_code][\/et_pb_column][\/et_pb_row][\/et_pb_section]<\/p>\n","protected":false},"excerpt":{"rendered":"<p>MENTIONS L\u00c9GALESbiolitec\u00ae Holding GmbH &amp; Co KGUntere Viaduktgasse 6\/9A-1030 VienneAutriche T\u00e9l\u00e9phone +43 (1) 3619 909 50Fax +43 (1) 3619 909 99 info@biolitec.comwww.biolitec.com Repr\u00e9sentant l\u00e9gal :Associ\u00e9 personnellement responsable :biolitec Holding GmbH Directeur g\u00e9n\u00e9ral :Dr Wolfgang Neuberger (repr\u00e9sentant unique) Registre du commerceTribunal d&rsquo;instance local de Vienne Num\u00e9ro d&rsquo;enregistrementFN 617729 a Num\u00e9ro d&rsquo;identification TVAATU80247145<\/p>\n","protected":false},"author":1,"featured_media":0,"parent":0,"menu_order":0,"comment_status":"closed","ping_status":"closed","template":"","meta":{"_et_pb_use_builder":"on","_et_pb_old_content":"","_et_gb_content_width":"","footnotes":""},"folder":[43],"class_list":["post-3597","page","type-page","status-publish","hentry"],"yoast_head":"<!-- This site is optimized with the Yoast SEO plugin v26.9 - https:\/\/yoast.com\/product\/yoast-seo-wordpress\/ -->\n<title>Mentions l\u00e9gales - Biolitec<\/title>\n<meta name=\"robots\" content=\"index, follow, max-snippet:-1, max-image-preview:large, max-video-preview:-1\" \/>\n<link rel=\"canonical\" href=\"https:\/\/www.biolitec.com\/fr\/mentions-legales\/\" \/>\n<meta property=\"og:locale\" content=\"fr_FR\" \/>\n<meta property=\"og:type\" content=\"article\" \/>\n<meta property=\"og:title\" content=\"Mentions l\u00e9gales - Biolitec\" \/>\n<meta property=\"og:description\" content=\"MENTIONS L\u00c9GALESbiolitec\u00ae Holding GmbH &amp; Co KGUntere Viaduktgasse 6\/9A-1030 VienneAutriche T\u00e9l\u00e9phone +43 (1) 3619 909 50Fax +43 (1) 3619 909 99 info@biolitec.comwww.biolitec.com Repr\u00e9sentant l\u00e9gal :Associ\u00e9 personnellement responsable :biolitec Holding GmbH Directeur g\u00e9n\u00e9ral :Dr Wolfgang Neuberger (repr\u00e9sentant unique) Registre du commerceTribunal d&#039;instance local de Vienne Num\u00e9ro d&#039;enregistrementFN 617729 a Num\u00e9ro d&#039;identification TVAATU80247145\" \/>\n<meta property=\"og:url\" content=\"https:\/\/www.biolitec.com\/fr\/mentions-legales\/\" \/>\n<meta property=\"og:site_name\" content=\"Biolitec\" \/>\n<meta property=\"article:modified_time\" content=\"2026-04-13T13:13:33+00:00\" \/>\n<meta name=\"twitter:card\" content=\"summary_large_image\" \/>\n<meta name=\"twitter:label1\" content=\"Dur\u00e9e de lecture estim\u00e9e\" \/>\n\t<meta name=\"twitter:data1\" content=\"1 minute\" \/>\n<script type=\"application\/ld+json\" class=\"yoast-schema-graph\">{\"@context\":\"https:\/\/schema.org\",\"@graph\":[{\"@type\":\"WebPage\",\"@id\":\"https:\/\/www.biolitec.com\/fr\/mentions-legales\/\",\"url\":\"https:\/\/www.biolitec.com\/fr\/mentions-legales\/\",\"name\":\"Mentions l\u00e9gales - Biolitec\",\"isPartOf\":{\"@id\":\"https:\/\/www.biolitec.com\/fr\/#website\"},\"datePublished\":\"2026-01-21T08:41:34+00:00\",\"dateModified\":\"2026-04-13T13:13:33+00:00\",\"breadcrumb\":{\"@id\":\"https:\/\/www.biolitec.com\/fr\/mentions-legales\/#breadcrumb\"},\"inLanguage\":\"fr-FR\",\"potentialAction\":[{\"@type\":\"ReadAction\",\"target\":[\"https:\/\/www.biolitec.com\/fr\/mentions-legales\/\"]}]},{\"@type\":\"BreadcrumbList\",\"@id\":\"https:\/\/www.biolitec.com\/fr\/mentions-legales\/#breadcrumb\",\"itemListElement\":[{\"@type\":\"ListItem\",\"position\":1,\"name\":\"Start\",\"item\":\"https:\/\/www.biolitec.com\/fr\/\"},{\"@type\":\"ListItem\",\"position\":2,\"name\":\"Mentions l\u00e9gales\"}]},{\"@type\":\"WebSite\",\"@id\":\"https:\/\/www.biolitec.com\/fr\/#website\",\"url\":\"https:\/\/www.biolitec.com\/fr\/\",\"name\":\"Biolitec\",\"description\":\"\",\"potentialAction\":[{\"@type\":\"SearchAction\",\"target\":{\"@type\":\"EntryPoint\",\"urlTemplate\":\"https:\/\/www.biolitec.com\/fr\/?s={search_term_string}\"},\"query-input\":{\"@type\":\"PropertyValueSpecification\",\"valueRequired\":true,\"valueName\":\"search_term_string\"}}],\"inLanguage\":\"fr-FR\"}]}<\/script>\n<!-- \/ Yoast SEO plugin. -->","yoast_head_json":{"title":"Mentions l\u00e9gales - Biolitec","robots":{"index":"index","follow":"follow","max-snippet":"max-snippet:-1","max-image-preview":"max-image-preview:large","max-video-preview":"max-video-preview:-1"},"canonical":"https:\/\/www.biolitec.com\/fr\/mentions-legales\/","og_locale":"fr_FR","og_type":"article","og_title":"Mentions l\u00e9gales - Biolitec","og_description":"MENTIONS L\u00c9GALESbiolitec\u00ae Holding GmbH &amp; Co KGUntere Viaduktgasse 6\/9A-1030 VienneAutriche T\u00e9l\u00e9phone +43 (1) 3619 909 50Fax +43 (1) 3619 909 99 info@biolitec.comwww.biolitec.com Repr\u00e9sentant l\u00e9gal :Associ\u00e9 personnellement responsable :biolitec Holding GmbH Directeur g\u00e9n\u00e9ral :Dr Wolfgang Neuberger (repr\u00e9sentant unique) Registre du commerceTribunal d'instance local de Vienne Num\u00e9ro d'enregistrementFN 617729 a Num\u00e9ro d'identification TVAATU80247145","og_url":"https:\/\/www.biolitec.com\/fr\/mentions-legales\/","og_site_name":"Biolitec","article_modified_time":"2026-04-13T13:13:33+00:00","twitter_card":"summary_large_image","twitter_misc":{"Dur\u00e9e de lecture estim\u00e9e":"1 minute"},"schema":{"@context":"https:\/\/schema.org","@graph":[{"@type":"WebPage","@id":"https:\/\/www.biolitec.com\/fr\/mentions-legales\/","url":"https:\/\/www.biolitec.com\/fr\/mentions-legales\/","name":"Mentions l\u00e9gales - Biolitec","isPartOf":{"@id":"https:\/\/www.biolitec.com\/fr\/#website"},"datePublished":"2026-01-21T08:41:34+00:00","dateModified":"2026-04-13T13:13:33+00:00","breadcrumb":{"@id":"https:\/\/www.biolitec.com\/fr\/mentions-legales\/#breadcrumb"},"inLanguage":"fr-FR","potentialAction":[{"@type":"ReadAction","target":["https:\/\/www.biolitec.com\/fr\/mentions-legales\/"]}]},{"@type":"BreadcrumbList","@id":"https:\/\/www.biolitec.com\/fr\/mentions-legales\/#breadcrumb","itemListElement":[{"@type":"ListItem","position":1,"name":"Start","item":"https:\/\/www.biolitec.com\/fr\/"},{"@type":"ListItem","position":2,"name":"Mentions l\u00e9gales"}]},{"@type":"WebSite","@id":"https:\/\/www.biolitec.com\/fr\/#website","url":"https:\/\/www.biolitec.com\/fr\/","name":"Biolitec","description":"","potentialAction":[{"@type":"SearchAction","target":{"@type":"EntryPoint","urlTemplate":"https:\/\/www.biolitec.com\/fr\/?s={search_term_string}"},"query-input":{"@type":"PropertyValueSpecification","valueRequired":true,"valueName":"search_term_string"}}],"inLanguage":"fr-FR"}]}},"_links":{"self":[{"href":"https:\/\/www.biolitec.com\/fr\/wp-json\/wp\/v2\/pages\/3597","targetHints":{"allow":["GET"]}}],"collection":[{"href":"https:\/\/www.biolitec.com\/fr\/wp-json\/wp\/v2\/pages"}],"about":[{"href":"https:\/\/www.biolitec.com\/fr\/wp-json\/wp\/v2\/types\/page"}],"author":[{"embeddable":true,"href":"https:\/\/www.biolitec.com\/fr\/wp-json\/wp\/v2\/users\/1"}],"replies":[{"embeddable":true,"href":"https:\/\/www.biolitec.com\/fr\/wp-json\/wp\/v2\/comments?post=3597"}],"version-history":[{"count":4,"href":"https:\/\/www.biolitec.com\/fr\/wp-json\/wp\/v2\/pages\/3597\/revisions"}],"predecessor-version":[{"id":4066,"href":"https:\/\/www.biolitec.com\/fr\/wp-json\/wp\/v2\/pages\/3597\/revisions\/4066"}],"wp:attachment":[{"href":"https:\/\/www.biolitec.com\/fr\/wp-json\/wp\/v2\/media?parent=3597"}],"wp:term":[{"taxonomy":"folder","embeddable":true,"href":"https:\/\/www.biolitec.com\/fr\/wp-json\/wp\/v2\/folder?post=3597"}],"curies":[{"name":"wp","href":"https:\/\/api.w.org\/{rel}","templated":true}]}}