{"id":3346,"date":"2026-01-21T11:26:08","date_gmt":"2026-01-21T10:26:08","guid":{"rendered":"https:\/\/www.biolitec.com\/contentseite-application-overview\/"},"modified":"2026-04-19T23:02:49","modified_gmt":"2026-04-19T21:02:49","slug":"applications","status":"publish","type":"page","link":"https:\/\/www.biolitec.com\/fr\/applications\/","title":{"rendered":"Applications"},"content":{"rendered":"<p>[et_pb_section fb_built=\u00a0\u00bb1&Prime; custom_padding_last_edited=\u00a0\u00bbon|phone\u00a0\u00bb module_class=\u00a0\u00bbcustom-image-text-row\u00a0\u00bb _builder_version=\u00a0\u00bb4.27.4&Prime; _module_preset=\u00a0\u00bbdefault\u00a0\u00bb background_color=\u00a0\u00bb#BEE1E0&Prime; background_enable_image=\u00a0\u00bboff\u00a0\u00bb custom_padding=\u00a0\u00bb100px||100px||false|false\u00a0\u00bb custom_padding_tablet=\u00a0\u00bb50px||50px||false|false\u00a0\u00bb custom_padding_phone=\u00a0\u00bb50px||50px||false|false\u00a0\u00bb animation_style=\u00a0\u00bbfade\u00a0\u00bb background_last_edited=\u00a0\u00bbon|desktop\u00a0\u00bb background_enable_image_tablet=\u00a0\u00bboff\u00a0\u00bb global_colors_info=\u00a0\u00bb{}\u00a0\u00bb][et_pb_row column_structure=\u00a0\u00bb2_5,3_5&Prime; custom_padding_last_edited=\u00a0\u00bbon|desktop\u00a0\u00bb _builder_version=\u00a0\u00bb4.27.4&Prime; _module_preset=\u00a0\u00bbdefault\u00a0\u00bb custom_margin=\u00a0\u00bb||0px||false|false\u00a0\u00bb custom_padding=\u00a0\u00bb0px||0px|0px|false|false\u00a0\u00bb custom_padding_tablet=\u00a0\u00bb|||0px|false|false\u00a0\u00bb custom_padding_phone=\u00a0\u00bb|||0px|false|false\u00a0\u00bb global_colors_info=\u00a0\u00bb{}\u00a0\u00bb][et_pb_column type=\u00a0\u00bb2_5&Prime; _builder_version=\u00a0\u00bb4.27.4&Prime; _module_preset=\u00a0\u00bbdefault\u00a0\u00bb global_colors_info=\u00a0\u00bb{}\u00a0\u00bb][et_pb_image src=\u00a0\u00bbhttps:\/\/biolitecrelaunch.soltest.de\/wp-content\/uploads\/2026\/01\/human-body-full-glass-mobile.png\u00a0\u00bb title_text=\u00a0\u00bbhuman-body-full-glass-mobile\u00a0\u00bb disabled_on=\u00a0\u00bbon|on|off\u00a0\u00bb _builder_version=\u00a0\u00bb4.27.4&Prime; _module_preset=\u00a0\u00bbdefault\u00a0\u00bb global_colors_info=\u00a0\u00bb{}\u00a0\u00bb][\/et_pb_image][\/et_pb_column][et_pb_column type=\u00a0\u00bb3_5&Prime; _builder_version=\u00a0\u00bb4.27.4&Prime; _module_preset=\u00a0\u00bbdefault\u00a0\u00bb global_colors_info=\u00a0\u00bb{}\u00a0\u00bb][et_pb_text _builder_version=\u00a0\u00bb4.27.4&Prime; _module_preset=\u00a0\u00bbdefault\u00a0\u00bb text_font=\u00a0\u00bb|700|||||||\u00a0\u00bb text_font_size=\u00a0\u00bb22px\u00a0\u00bb text_line_height=\u00a0\u00bb28px\u00a0\u00bb header_font=\u00a0\u00bb|700|||||||\u00a0\u00bb header_font_size=\u00a0\u00bb55px\u00a0\u00bb header_line_height=\u00a0\u00bb70px\u00a0\u00bb custom_margin=\u00a0\u00bb||0px||false|false\u00a0\u00bb custom_padding=\u00a0\u00bb||30px||false|false\u00a0\u00bb text_font_size_tablet=\u00a0\u00bb22px\u00a0\u00bb text_font_size_phone=\u00a0\u00bb18px\u00a0\u00bb text_font_size_last_edited=\u00a0\u00bbon|phone\u00a0\u00bb text_line_height_tablet=\u00a0\u00bb28px\u00a0\u00bb text_line_height_phone=\u00a0\u00bb24px\u00a0\u00bb text_line_height_last_edited=\u00a0\u00bbon|phone\u00a0\u00bb header_font_size_tablet=\u00a0\u00bb55px\u00a0\u00bb header_font_size_phone=\u00a0\u00bb34px\u00a0\u00bb header_font_size_last_edited=\u00a0\u00bbon|phone\u00a0\u00bb header_line_height_tablet=\u00a0\u00bb70px\u00a0\u00bb header_line_height_phone=\u00a0\u00bb44px\u00a0\u00bb header_line_height_last_edited=\u00a0\u00bbon|phone\u00a0\u00bb global_colors_info=\u00a0\u00bb{}\u00a0\u00bb]<\/p>\n<p>DECOUVREZ VOTRE SECTEUR<\/p>\n<p>[\/et_pb_text][et_pb_text _builder_version=\u00a0\u00bb4.27.4&Prime; _module_preset=\u00a0\u00bbdefault\u00a0\u00bb text_font=\u00a0\u00bb|700|||||||\u00a0\u00bb text_font_size=\u00a0\u00bb22px\u00a0\u00bb text_line_height=\u00a0\u00bb28px\u00a0\u00bb header_font=\u00a0\u00bb|700|||||||\u00a0\u00bb header_font_size=\u00a0\u00bb55px\u00a0\u00bb header_line_height=\u00a0\u00bb70px\u00a0\u00bb custom_margin=\u00a0\u00bb|50px|0px||false|false\u00a0\u00bb custom_padding=\u00a0\u00bb||||false|false\u00a0\u00bb text_font_size_tablet=\u00a0\u00bb22px\u00a0\u00bb text_font_size_phone=\u00a0\u00bb18px\u00a0\u00bb text_font_size_last_edited=\u00a0\u00bbon|phone\u00a0\u00bb text_line_height_tablet=\u00a0\u00bb28px\u00a0\u00bb text_line_height_phone=\u00a0\u00bb24px\u00a0\u00bb text_line_height_last_edited=\u00a0\u00bbon|phone\u00a0\u00bb header_font_size_tablet=\u00a0\u00bb55px\u00a0\u00bb header_font_size_phone=\u00a0\u00bb34px\u00a0\u00bb header_font_size_last_edited=\u00a0\u00bbon|desktop\u00a0\u00bb header_line_height_tablet=\u00a0\u00bb70px\u00a0\u00bb header_line_height_phone=\u00a0\u00bb44px\u00a0\u00bb header_line_height_last_edited=\u00a0\u00bbon|phone\u00a0\u00bb global_colors_info=\u00a0\u00bb{}\u00a0\u00bb]<\/p>\n<h1>Nos applications<\/h1>\n<p>[\/et_pb_text][et_pb_text _builder_version=\u00a0\u00bb4.27.4&Prime; _module_preset=\u00a0\u00bbdefault\u00a0\u00bb text_font_size=\u00a0\u00bb22px\u00a0\u00bb text_line_height=\u00a0\u00bb32px\u00a0\u00bb custom_margin=\u00a0\u00bb|50px|||false|false\u00a0\u00bb global_colors_info=\u00a0\u00bb{}\u00a0\u00bb]Nos syst\u00e8mes laser m\u00e9dicaux et nos fibres peuvent \u00eatre utilis\u00e9s dans de nombreux domaines, offrant des options th\u00e9rapeutiques de haute performance avec un retour sur investissement rapide. Choisissez votre application pour plus de d\u00e9tails&nbsp;:[\/et_pb_text][et_pb_code _builder_version=\u00a0\u00bb4.27.4&Prime; _module_preset=\u00a0\u00bbdefault\u00a0\u00bb custom_margin=\u00a0\u00bb|50px|||false|false\u00a0\u00bb custom_margin_tablet=\u00a0\u00bb|0px|||false|false\u00a0\u00bb custom_margin_phone=\u00a0\u00bb|0px|||false|false\u00a0\u00bb custom_margin_last_edited=\u00a0\u00bbon|tablet\u00a0\u00bb custom_padding=\u00a0\u00bb||50px||false|false\u00a0\u00bb hover_enabled=\u00a0\u00bb0&Prime; global_colors_info=\u00a0\u00bb{}\u00a0\u00bb sticky_enabled=\u00a0\u00bb0&Prime;]<\/p>\n<style><!-- [et_pb_line_break_holder] --><!-- [et_pb_line_break_holder] --><!-- [et_pb_line_break_holder] -->.application-list {<!-- [et_pb_line_break_holder] -->  display: flex;<!-- [et_pb_line_break_holder] -->  gap: 40px; \/* Abstand zwischen den Spalten *\/<!-- [et_pb_line_break_holder] -->  flex-wrap: wrap;<!-- [et_pb_line_break_holder] -->  font-family: 'Montserrat', sans-serif;<!-- [et_pb_line_break_holder] -->}<!-- [et_pb_line_break_holder] --><!-- [et_pb_line_break_holder] -->.application-column {<!-- [et_pb_line_break_holder] -->  flex: 1;<!-- [et_pb_line_break_holder] -->  min-width: 200px;<!-- [et_pb_line_break_holder] -->}<!-- [et_pb_line_break_holder] --><!-- [et_pb_line_break_holder] -->.application-item {<!-- [et_pb_line_break_holder] -->  border-top: 1px solid #000;<!-- [et_pb_line_break_holder] -->  border-bottom: 1px solid #000;<!-- [et_pb_line_break_holder] -->  padding: 20px 0;<!-- [et_pb_line_break_holder] -->  display: flex;<!-- [et_pb_line_break_holder] -->  justify-content: space-between;<!-- [et_pb_line_break_holder] -->  align-items: center;<!-- [et_pb_line_break_holder] -->  font-weight: 700;<!-- [et_pb_line_break_holder] -->  font-style: normal;<!-- [et_pb_line_break_holder] -->  font-size: 22px;<!-- [et_pb_line_break_holder] -->  line-height: 32px;<!-- [et_pb_line_break_holder] -->  letter-spacing: 0;<!-- [et_pb_line_break_holder] -->}<!-- [et_pb_line_break_holder] --><!-- [et_pb_line_break_holder] -->\/* Verhindert doppelte Linien zwischen Items *\/<!-- [et_pb_line_break_holder] -->.application-item + .application-item {<!-- [et_pb_line_break_holder] -->  border-top: none;<!-- [et_pb_line_break_holder] -->}<!-- [et_pb_line_break_holder] --><!-- [et_pb_line_break_holder] -->.application-item a {<!-- [et_pb_line_break_holder] -->  display: flex;<!-- [et_pb_line_break_holder] -->  align-items: center;<!-- [et_pb_line_break_holder] -->  text-decoration: none;<!-- [et_pb_line_break_holder] -->  color:black;<!-- [et_pb_line_break_holder] -->  justify-content:space-between;<!-- [et_pb_line_break_holder] -->  width:100%;<!-- [et_pb_line_break_holder] -->}<!-- [et_pb_line_break_holder] --><!-- [et_pb_line_break_holder] -->.application-arrow {<!-- [et_pb_line_break_holder] -->  display: inline-block;<!-- [et_pb_line_break_holder] -->  width: 24px; \/* Gr\u00f6\u00dfe Pfeil *\/<!-- [et_pb_line_break_holder] -->  height: 24px;<!-- [et_pb_line_break_holder] -->  background-image: url('\/wp-content\/uploads\/2026\/01\/app-overview-arrow.png');<!-- [et_pb_line_break_holder] -->  background-size: contain;<!-- [et_pb_line_break_holder] -->  background-repeat: no-repeat;<!-- [et_pb_line_break_holder] -->  background-position: center;<!-- [et_pb_line_break_holder] -->  margin-left: 10px;<!-- [et_pb_line_break_holder] -->   flex-shrink: 0;   \/* verhindert das Schrumpfen *\/<!-- [et_pb_line_break_holder] -->}<!-- [et_pb_line_break_holder] --><!-- [et_pb_line_break_holder] --><!-- [et_pb_line_break_holder] -->\/* Mobile Schriftgr\u00f6\u00dfe *\/<!-- [et_pb_line_break_holder] -->@media (max-width: 400px) {<!-- [et_pb_line_break_holder] -->  .application-item {<!-- [et_pb_line_break_holder] -->    font-size: 20px;<!-- [et_pb_line_break_holder] -->    line-height: 28px;<!-- [et_pb_line_break_holder] -->  }<!-- [et_pb_line_break_holder] -->}<!-- [et_pb_line_break_holder] --><!-- [et_pb_line_break_holder] -->\/* Tablet und kleiner: Spalten untereinander, Abstand weg, Linien anpassen *\/<!-- [et_pb_line_break_holder] -->@media (max-width: 768px) {<!-- [et_pb_line_break_holder] -->  .application-list {<!-- [et_pb_line_break_holder] -->    flex-direction: column; \/* Spalten untereinander *\/<!-- [et_pb_line_break_holder] -->    gap: 0; \/* Abstand entfernen *\/<!-- [et_pb_line_break_holder] -->  }<!-- [et_pb_line_break_holder] --><!-- [et_pb_line_break_holder] -->  \/* 2. Spalte: obere Linie beim ersten Element entfernen *\/<!-- [et_pb_line_break_holder] -->  .application-column:nth-child(2) .application-item:first-child {<!-- [et_pb_line_break_holder] -->    border-top: none;<!-- [et_pb_line_break_holder] -->  }<!-- [et_pb_line_break_holder] --><!-- [et_pb_line_break_holder] -->  \/* 2. Spalte: obere Linie aller weiteren Items entfernen (damit keine doppelten Linien) *\/<!-- [et_pb_line_break_holder] -->  .application-column:nth-child(2) .application-item + .application-item {<!-- [et_pb_line_break_holder] -->    border-top: none;<!-- [et_pb_line_break_holder] -->  }<!-- [et_pb_line_break_holder] -->}<!-- [et_pb_line_break_holder] --><\/style>\n<p><!-- [et_pb_line_break_holder] --><!-- [et_pb_line_break_holder] --><\/p>\n<div class=\"application-list\"><!-- [et_pb_line_break_holder] --><!-- [et_pb_line_break_holder] -->  <\/p>\n<div class=\"application-column\"><!-- [et_pb_line_break_holder] -->    <\/p>\n<div class=\"application-item\"><!-- [et_pb_line_break_holder] -->      <a href=\"https:\/\/www.biolitec.com\/fr\/applications-esthetique\/\"><span>Esth\u00e9tique<\/span><!-- [et_pb_line_break_holder] -->      <span class=\"application-arrow\"><\/span><\/a><!-- [et_pb_line_break_holder] -->    <\/div>\n<p><!-- [et_pb_line_break_holder] -->    <\/p>\n<div class=\"application-item\"><!-- [et_pb_line_break_holder] -->      <a href=\"https:\/\/www.biolitec.com\/fr\/applications-orl\/\"><span>ORL<\/span><!-- [et_pb_line_break_holder] -->      <span class=\"application-arrow\"><\/span><\/a><!-- [et_pb_line_break_holder] -->    <\/div>\n<p><!-- [et_pb_line_break_holder] -->    <\/p>\n<div class=\"application-item\"><!-- [et_pb_line_break_holder] -->      <a href=\"https:\/\/www.biolitec.com\/fr\/applications-gynecologie\/\"> <span>Gyn\u00e9cologie<\/span><!-- [et_pb_line_break_holder] -->     <span class=\"application-arrow\"><\/span><\/a><!-- [et_pb_line_break_holder] -->    <\/div>\n<p><!-- [et_pb_line_break_holder] -->    <\/p>\n<div class=\"application-item\"><!-- [et_pb_line_break_holder] -->      <a href=\"https:\/\/www.biolitec.com\/fr\/applications-orthopedie\/\"> <span>Orthop\u00e9die et gestion de la douleur<\/span><!-- [et_pb_line_break_holder] -->     <span class=\"application-arrow\"><\/span><\/a><!-- [et_pb_line_break_holder] -->    <\/div>\n<p><!-- [et_pb_line_break_holder] -->    <\/p>\n<div class=\"application-item\"><!-- [et_pb_line_break_holder] -->      <a href=\"https:\/\/www.biolitec.com\/fr\/applications-phlebologie\/\"><span>Phl\u00e9bologie<\/span><!-- [et_pb_line_break_holder] -->      <span class=\"application-arrow\"><\/span><\/a><!-- [et_pb_line_break_holder] -->    <\/div>\n<p><!-- [et_pb_line_break_holder] -->  <\/div>\n<p><!-- [et_pb_line_break_holder] --><!-- [et_pb_line_break_holder] -->  <\/p>\n<div class=\"application-column\"><!-- [et_pb_line_break_holder] -->    <\/p>\n<div class=\"application-item\"><!-- [et_pb_line_break_holder] -->      <a href=\"https:\/\/www.biolitec.com\/fr\/applications-proctologie\/\"><span>Proctologie<\/span><!-- [et_pb_line_break_holder] -->      <span class=\"application-arrow\"><\/span><\/a><!-- [et_pb_line_break_holder] -->    <\/div>\n<p><!-- [et_pb_line_break_holder] -->    <\/p>\n<div class=\"application-item\"><!-- [et_pb_line_break_holder] -->      <a href=\"https:\/\/www.biolitec.com\/fr\/applications-chirurgie-thoracique\/\"> <span>Chirurgie thoracique<\/span><!-- [et_pb_line_break_holder] -->     <span class=\"application-arrow\"><\/span><\/a><!-- [et_pb_line_break_holder] -->    <\/div>\n<p><!-- [et_pb_line_break_holder] -->    <\/p>\n<div class=\"application-item\"><!-- [et_pb_line_break_holder] -->      <a href=\"https:\/\/www.biolitec.com\/fr\/applications-thyla\/\"><span>Traitement de la thyro\u00efde<\/span><!-- [et_pb_line_break_holder] -->      <span class=\"application-arrow\"><\/span><\/a><!-- [et_pb_line_break_holder] -->    <\/div>\n<p><!-- [et_pb_line_break_holder] -->    <\/p>\n<div class=\"application-item\"><!-- [et_pb_line_break_holder] -->      <a href=\"https:\/\/www.biolitec.com\/fr\/applications-urologie\/\"> <span>Urologie<\/span><!-- [et_pb_line_break_holder] -->     <span class=\"application-arrow\"><\/span><\/a><!-- [et_pb_line_break_holder] -->    <\/div>\n<p><!-- [et_pb_line_break_holder] -->  <\/div>\n<p><!-- [et_pb_line_break_holder] --><!-- [et_pb_line_break_holder] --><\/div>\n<p><!-- [et_pb_line_break_holder] -->[\/et_pb_code][et_pb_image src=\u00a0\u00bbhttps:\/\/biolitecrelaunch.soltest.de\/wp-content\/uploads\/2026\/01\/human-body-full-glass-mobile.png\u00a0\u00bb title_text=\u00a0\u00bbhuman-body-full-glass-mobile\u00a0\u00bb disabled_on=\u00a0\u00bboff|off|on\u00a0\u00bb _builder_version=\u00a0\u00bb4.27.4&Prime; _module_preset=\u00a0\u00bbdefault\u00a0\u00bb locked=\u00a0\u00bboff\u00a0\u00bb global_colors_info=\u00a0\u00bb{}\u00a0\u00bb][\/et_pb_image][et_pb_text _builder_version=\u00a0\u00bb4.27.4&Prime; _module_preset=\u00a0\u00bbdefault\u00a0\u00bb text_font=\u00a0\u00bb|700|||||||\u00a0\u00bb text_font_size=\u00a0\u00bb22px\u00a0\u00bb text_line_height=\u00a0\u00bb28px\u00a0\u00bb header_font=\u00a0\u00bb|700|||||||\u00a0\u00bb header_font_size=\u00a0\u00bb55px\u00a0\u00bb header_line_height=\u00a0\u00bb70px\u00a0\u00bb max_width=\u00a0\u00bb600px\u00a0\u00bb custom_margin=\u00a0\u00bb|-23px|0px||false|false\u00a0\u00bb custom_padding=\u00a0\u00bb||50px||false|false\u00a0\u00bb text_font_size_tablet=\u00a0\u00bb22px\u00a0\u00bb text_font_size_phone=\u00a0\u00bb18px\u00a0\u00bb text_font_size_last_edited=\u00a0\u00bbon|phone\u00a0\u00bb text_line_height_tablet=\u00a0\u00bb28px\u00a0\u00bb text_line_height_phone=\u00a0\u00bb24px\u00a0\u00bb text_line_height_last_edited=\u00a0\u00bbon|phone\u00a0\u00bb header_font_size_tablet=\u00a0\u00bb55px\u00a0\u00bb header_font_size_phone=\u00a0\u00bb34px\u00a0\u00bb header_font_size_last_edited=\u00a0\u00bbon|phone\u00a0\u00bb header_line_height_tablet=\u00a0\u00bb70px\u00a0\u00bb header_line_height_phone=\u00a0\u00bb44px\u00a0\u00bb header_line_height_last_edited=\u00a0\u00bbon|phone\u00a0\u00bb global_colors_info=\u00a0\u00bb{}\u00a0\u00bb]<\/p>\n<h1>Votre demande en un clic&nbsp;:<\/h1>\n<p>[\/et_pb_text][et_pb_button button_url=\u00a0\u00bbmailto:info@biolitec.com\u00a0\u00bb button_text=\u00a0\u00bbEnvoyer un e-mail\u00a0\u00bb _builder_version=\u00a0\u00bb4.27.4&Prime; _module_preset=\u00a0\u00bbec005714-4627-4503-8dfc-19e85ce1dad1&Prime; locked=\u00a0\u00bboff\u00a0\u00bb global_colors_info=\u00a0\u00bb{}\u00a0\u00bb][\/et_pb_button][\/et_pb_column][\/et_pb_row][\/et_pb_section][et_pb_section fb_built=\u00a0\u00bb1&Prime; fullwidth=\u00a0\u00bbon\u00a0\u00bb _builder_version=\u00a0\u00bb4.27.4&Prime; _module_preset=\u00a0\u00bbdefault\u00a0\u00bb global_colors_info=\u00a0\u00bb{}\u00a0\u00bb][et_pb_fullwidth_image src=\u00a0\u00bbhttps:\/\/biolitecrelaunch.soltest.de\/wp-content\/uploads\/2026\/02\/Biolitec_Medical_Application_treatment-laser.jpg\u00a0\u00bb title_text=\u00a0\u00bbBiolitec_Medical_Application_treatment-laser\u00a0\u00bb _builder_version=\u00a0\u00bb4.27.4&Prime; _module_preset=\u00a0\u00bbdefault\u00a0\u00bb global_colors_info=\u00a0\u00bb{}\u00a0\u00bb][\/et_pb_fullwidth_image][\/et_pb_section]<\/p>\n","protected":false},"excerpt":{"rendered":"<p>DECOUVREZ VOTRE SECTEURNos applicationsNos syst\u00e8mes laser m\u00e9dicaux et nos fibres peuvent \u00eatre utilis\u00e9s dans de nombreux domaines, offrant des options th\u00e9rapeutiques de haute performance avec un retour sur investissement rapide. Choisissez votre application pour plus de d\u00e9tails&nbsp;:Votre demande en un clic&nbsp;:<\/p>\n","protected":false},"author":1,"featured_media":0,"parent":0,"menu_order":0,"comment_status":"closed","ping_status":"closed","template":"","meta":{"_et_pb_use_builder":"on","_et_pb_old_content":"","_et_gb_content_width":"","footnotes":""},"folder":[42],"class_list":["post-3346","page","type-page","status-publish","hentry"],"yoast_head":"<!-- This site is optimized with the Yoast SEO plugin v26.9 - https:\/\/yoast.com\/product\/yoast-seo-wordpress\/ -->\n<title>Aper\u00e7u : Applications m\u00e9dicales du laser | biolitec\u00ae<\/title>\n<meta name=\"description\" content=\"Les syst\u00e8mes laser m\u00e9dicaux peuvent \u00eatre utilis\u00e9s pour des traitements mini-invasifs dans de nombreux domaines.\" \/>\n<meta name=\"robots\" content=\"index, follow, max-snippet:-1, max-image-preview:large, max-video-preview:-1\" \/>\n<link rel=\"canonical\" href=\"https:\/\/www.biolitec.com\/fr\/applications\/\" \/>\n<meta property=\"og:locale\" content=\"fr_FR\" \/>\n<meta property=\"og:type\" content=\"article\" \/>\n<meta property=\"og:title\" content=\"Aper\u00e7u : Applications m\u00e9dicales du laser | biolitec\u00ae\" \/>\n<meta property=\"og:description\" content=\"Les syst\u00e8mes laser m\u00e9dicaux peuvent \u00eatre utilis\u00e9s pour des traitements mini-invasifs dans de nombreux domaines.\" \/>\n<meta property=\"og:url\" content=\"https:\/\/www.biolitec.com\/fr\/applications\/\" \/>\n<meta property=\"og:site_name\" content=\"Biolitec\" \/>\n<meta property=\"article:modified_time\" content=\"2026-04-19T21:02:49+00:00\" \/>\n<meta name=\"twitter:card\" content=\"summary_large_image\" \/>\n<meta name=\"twitter:label1\" content=\"Dur\u00e9e de lecture estim\u00e9e\" \/>\n\t<meta name=\"twitter:data1\" content=\"1 minute\" \/>\n<script type=\"application\/ld+json\" class=\"yoast-schema-graph\">{\"@context\":\"https:\/\/schema.org\",\"@graph\":[{\"@type\":\"WebPage\",\"@id\":\"https:\/\/www.biolitec.com\/fr\/applications\/\",\"url\":\"https:\/\/www.biolitec.com\/fr\/applications\/\",\"name\":\"Aper\u00e7u : Applications m\u00e9dicales du laser | biolitec\u00ae\",\"isPartOf\":{\"@id\":\"https:\/\/www.biolitec.com\/fr\/#website\"},\"datePublished\":\"2026-01-21T10:26:08+00:00\",\"dateModified\":\"2026-04-19T21:02:49+00:00\",\"description\":\"Les syst\u00e8mes laser m\u00e9dicaux peuvent \u00eatre utilis\u00e9s pour des traitements mini-invasifs dans de nombreux domaines.\",\"breadcrumb\":{\"@id\":\"https:\/\/www.biolitec.com\/fr\/applications\/#breadcrumb\"},\"inLanguage\":\"fr-FR\",\"potentialAction\":[{\"@type\":\"ReadAction\",\"target\":[\"https:\/\/www.biolitec.com\/fr\/applications\/\"]}]},{\"@type\":\"BreadcrumbList\",\"@id\":\"https:\/\/www.biolitec.com\/fr\/applications\/#breadcrumb\",\"itemListElement\":[{\"@type\":\"ListItem\",\"position\":1,\"name\":\"Start\",\"item\":\"https:\/\/www.biolitec.com\/fr\/\"},{\"@type\":\"ListItem\",\"position\":2,\"name\":\"Applications\"}]},{\"@type\":\"WebSite\",\"@id\":\"https:\/\/www.biolitec.com\/fr\/#website\",\"url\":\"https:\/\/www.biolitec.com\/fr\/\",\"name\":\"Biolitec\",\"description\":\"\",\"potentialAction\":[{\"@type\":\"SearchAction\",\"target\":{\"@type\":\"EntryPoint\",\"urlTemplate\":\"https:\/\/www.biolitec.com\/fr\/?s={search_term_string}\"},\"query-input\":{\"@type\":\"PropertyValueSpecification\",\"valueRequired\":true,\"valueName\":\"search_term_string\"}}],\"inLanguage\":\"fr-FR\"}]}<\/script>\n<!-- \/ Yoast SEO plugin. -->","yoast_head_json":{"title":"Aper\u00e7u : Applications m\u00e9dicales du laser | biolitec\u00ae","description":"Les syst\u00e8mes laser m\u00e9dicaux peuvent \u00eatre utilis\u00e9s pour des traitements mini-invasifs dans de nombreux domaines.","robots":{"index":"index","follow":"follow","max-snippet":"max-snippet:-1","max-image-preview":"max-image-preview:large","max-video-preview":"max-video-preview:-1"},"canonical":"https:\/\/www.biolitec.com\/fr\/applications\/","og_locale":"fr_FR","og_type":"article","og_title":"Aper\u00e7u : Applications m\u00e9dicales du laser | biolitec\u00ae","og_description":"Les syst\u00e8mes laser m\u00e9dicaux peuvent \u00eatre utilis\u00e9s pour des traitements mini-invasifs dans de nombreux domaines.","og_url":"https:\/\/www.biolitec.com\/fr\/applications\/","og_site_name":"Biolitec","article_modified_time":"2026-04-19T21:02:49+00:00","twitter_card":"summary_large_image","twitter_misc":{"Dur\u00e9e de lecture estim\u00e9e":"1 minute"},"schema":{"@context":"https:\/\/schema.org","@graph":[{"@type":"WebPage","@id":"https:\/\/www.biolitec.com\/fr\/applications\/","url":"https:\/\/www.biolitec.com\/fr\/applications\/","name":"Aper\u00e7u : Applications m\u00e9dicales du laser | biolitec\u00ae","isPartOf":{"@id":"https:\/\/www.biolitec.com\/fr\/#website"},"datePublished":"2026-01-21T10:26:08+00:00","dateModified":"2026-04-19T21:02:49+00:00","description":"Les syst\u00e8mes laser m\u00e9dicaux peuvent \u00eatre utilis\u00e9s pour des traitements mini-invasifs dans de nombreux domaines.","breadcrumb":{"@id":"https:\/\/www.biolitec.com\/fr\/applications\/#breadcrumb"},"inLanguage":"fr-FR","potentialAction":[{"@type":"ReadAction","target":["https:\/\/www.biolitec.com\/fr\/applications\/"]}]},{"@type":"BreadcrumbList","@id":"https:\/\/www.biolitec.com\/fr\/applications\/#breadcrumb","itemListElement":[{"@type":"ListItem","position":1,"name":"Start","item":"https:\/\/www.biolitec.com\/fr\/"},{"@type":"ListItem","position":2,"name":"Applications"}]},{"@type":"WebSite","@id":"https:\/\/www.biolitec.com\/fr\/#website","url":"https:\/\/www.biolitec.com\/fr\/","name":"Biolitec","description":"","potentialAction":[{"@type":"SearchAction","target":{"@type":"EntryPoint","urlTemplate":"https:\/\/www.biolitec.com\/fr\/?s={search_term_string}"},"query-input":{"@type":"PropertyValueSpecification","valueRequired":true,"valueName":"search_term_string"}}],"inLanguage":"fr-FR"}]}},"_links":{"self":[{"href":"https:\/\/www.biolitec.com\/fr\/wp-json\/wp\/v2\/pages\/3346","targetHints":{"allow":["GET"]}}],"collection":[{"href":"https:\/\/www.biolitec.com\/fr\/wp-json\/wp\/v2\/pages"}],"about":[{"href":"https:\/\/www.biolitec.com\/fr\/wp-json\/wp\/v2\/types\/page"}],"author":[{"embeddable":true,"href":"https:\/\/www.biolitec.com\/fr\/wp-json\/wp\/v2\/users\/1"}],"replies":[{"embeddable":true,"href":"https:\/\/www.biolitec.com\/fr\/wp-json\/wp\/v2\/comments?post=3346"}],"version-history":[{"count":14,"href":"https:\/\/www.biolitec.com\/fr\/wp-json\/wp\/v2\/pages\/3346\/revisions"}],"predecessor-version":[{"id":4584,"href":"https:\/\/www.biolitec.com\/fr\/wp-json\/wp\/v2\/pages\/3346\/revisions\/4584"}],"wp:attachment":[{"href":"https:\/\/www.biolitec.com\/fr\/wp-json\/wp\/v2\/media?parent=3346"}],"wp:term":[{"taxonomy":"folder","embeddable":true,"href":"https:\/\/www.biolitec.com\/fr\/wp-json\/wp\/v2\/folder?post=3346"}],"curies":[{"name":"wp","href":"https:\/\/api.w.org\/{rel}","templated":true}]}}