{"id":3347,"date":"2026-01-21T11:26:08","date_gmt":"2026-01-21T10:26:08","guid":{"rendered":"https:\/\/www.biolitec.com\/contentseite-application-overview\/"},"modified":"2026-04-19T22:58:32","modified_gmt":"2026-04-19T20:58:32","slug":"anwendungen","status":"publish","type":"page","link":"https:\/\/www.biolitec.com\/de\/anwendungen\/","title":{"rendered":"Anwendungen"},"content":{"rendered":"<p>[et_pb_section fb_built=&#8220;1&#8243; custom_padding_last_edited=&#8220;on|phone&#8220; module_class=&#8220;custom-image-text-row&#8220; _builder_version=&#8220;4.27.4&#8243; _module_preset=&#8220;default&#8220; background_color=&#8220;#BEE1E0&#8243; background_enable_image=&#8220;off&#8220; custom_padding=&#8220;100px||100px||false|false&#8220; custom_padding_tablet=&#8220;50px||50px||false|false&#8220; custom_padding_phone=&#8220;50px||50px||false|false&#8220; animation_style=&#8220;fade&#8220; background_last_edited=&#8220;on|desktop&#8220; background_enable_image_tablet=&#8220;off&#8220; global_colors_info=&#8220;{}&#8220;][et_pb_row column_structure=&#8220;2_5,3_5&#8243; custom_padding_last_edited=&#8220;on|desktop&#8220; _builder_version=&#8220;4.27.4&#8243; _module_preset=&#8220;default&#8220; custom_margin=&#8220;||0px||false|false&#8220; custom_padding=&#8220;0px||0px|0px|false|false&#8220; custom_padding_tablet=&#8220;|||0px|false|false&#8220; custom_padding_phone=&#8220;|||0px|false|false&#8220; global_colors_info=&#8220;{}&#8220;][et_pb_column type=&#8220;2_5&#8243; _builder_version=&#8220;4.27.4&#8243; _module_preset=&#8220;default&#8220; global_colors_info=&#8220;{}&#8220;][et_pb_image src=&#8220;https:\/\/biolitecrelaunch.soltest.de\/wp-content\/uploads\/2026\/01\/human-body-full-glass-mobile.png&#8220; title_text=&#8220;human-body-full-glass-mobile&#8220; disabled_on=&#8220;on|on|off&#8220; _builder_version=&#8220;4.27.4&#8243; _module_preset=&#8220;default&#8220; global_colors_info=&#8220;{}&#8220;][\/et_pb_image][\/et_pb_column][et_pb_column type=&#8220;3_5&#8243; _builder_version=&#8220;4.27.4&#8243; _module_preset=&#8220;default&#8220; global_colors_info=&#8220;{}&#8220;][et_pb_text _builder_version=&#8220;4.27.4&#8243; _module_preset=&#8220;default&#8220; text_font=&#8220;|700|||||||&#8220; text_font_size=&#8220;22px&#8220; text_line_height=&#8220;28px&#8220; header_font=&#8220;|700|||||||&#8220; header_font_size=&#8220;55px&#8220; header_line_height=&#8220;70px&#8220; custom_margin=&#8220;||0px||false|false&#8220; custom_padding=&#8220;0px||30px||false|false&#8220; text_font_size_tablet=&#8220;22px&#8220; text_font_size_phone=&#8220;18px&#8220; text_font_size_last_edited=&#8220;on|phone&#8220; text_line_height_tablet=&#8220;28px&#8220; text_line_height_phone=&#8220;24px&#8220; text_line_height_last_edited=&#8220;on|phone&#8220; header_font_size_tablet=&#8220;55px&#8220; header_font_size_phone=&#8220;34px&#8220; header_font_size_last_edited=&#8220;on|phone&#8220; header_line_height_tablet=&#8220;70px&#8220; header_line_height_phone=&#8220;44px&#8220; header_line_height_last_edited=&#8220;on|phone&#8220; global_colors_info=&#8220;{}&#8220;]<\/p>\n<p><span data-metadata=\"&lt;!--(figmeta)eyJmaWxlS2V5IjoiNHA1UVVtcURXYlE3ZFM5bDFVdklwMCIsInBhc3RlSUQiOjczODA1MTIwNiwiZGF0YVR5cGUiOiJzY2VuZSJ9Cg==(\/figmeta)--&gt;\"><\/span>ERKUNDEN SIE IHR FACHGEBIET<\/p>\n<p>[\/et_pb_text][et_pb_text _builder_version=&#8220;4.27.4&#8243; _module_preset=&#8220;default&#8220; text_font=&#8220;|700|||||||&#8220; text_font_size=&#8220;22px&#8220; text_line_height=&#8220;28px&#8220; header_font=&#8220;|700|||||||&#8220; header_font_size=&#8220;55px&#8220; header_line_height=&#8220;70px&#8220; custom_margin=&#8220;|50px|0px||false|false&#8220; custom_padding=&#8220;||||false|false&#8220; text_font_size_tablet=&#8220;22px&#8220; text_font_size_phone=&#8220;18px&#8220; text_font_size_last_edited=&#8220;on|phone&#8220; text_line_height_tablet=&#8220;28px&#8220; text_line_height_phone=&#8220;24px&#8220; text_line_height_last_edited=&#8220;on|phone&#8220; header_font_size_tablet=&#8220;55px&#8220; header_font_size_phone=&#8220;34px&#8220; header_font_size_last_edited=&#8220;on|desktop&#8220; header_line_height_tablet=&#8220;70px&#8220; header_line_height_phone=&#8220;44px&#8220; header_line_height_last_edited=&#8220;on|phone&#8220; global_colors_info=&#8220;{}&#8220;]<\/p>\n<h1><span style=\"white-space-collapse: preserve;\">Unsere Anwendungen<\/span><\/h1>\n<p>[\/et_pb_text][et_pb_text _builder_version=&#8220;4.27.4&#8243; _module_preset=&#8220;default&#8220; text_font_size=&#8220;22px&#8220; text_line_height=&#8220;32px&#8220; custom_margin=&#8220;|50px|||false|false&#8220; global_colors_info=&#8220;{}&#8220;]<\/p>\n<p>Unsere medizinischen Laser und Fasern sind \u00fcber viele Fachgebiete hinweg einsetzbar und bieten herausragende Behandlungsoptionen \u2013 f\u00fcr eine schnelle Amortisation. W\u00e4hlen Sie Ihre Anwendung, um mehr zu erfahren:<\/p>\n<p>[\/et_pb_text][et_pb_code _builder_version=&#8220;4.27.4&#8243; _module_preset=&#8220;default&#8220; custom_margin=&#8220;|50px|||false|false&#8220; custom_margin_tablet=&#8220;|0px|||false|false&#8220; custom_margin_phone=&#8220;|0px|||false|false&#8220; custom_margin_last_edited=&#8220;on|tablet&#8220; custom_padding=&#8220;||50px||false|false&#8220; hover_enabled=&#8220;0&#8243; global_colors_info=&#8220;{}&#8220; sticky_enabled=&#8220;0&#8243;]<\/p>\n<style><!-- [et_pb_line_break_holder] --><!-- [et_pb_line_break_holder] --><!-- [et_pb_line_break_holder] -->.application-list {<!-- [et_pb_line_break_holder] -->  display: flex;<!-- [et_pb_line_break_holder] -->  gap: 40px; \/* Abstand zwischen den Spalten *\/<!-- [et_pb_line_break_holder] -->  flex-wrap: wrap;<!-- [et_pb_line_break_holder] -->  font-family: 'Montserrat', sans-serif;<!-- [et_pb_line_break_holder] -->}<!-- [et_pb_line_break_holder] --><!-- [et_pb_line_break_holder] -->.application-column {<!-- [et_pb_line_break_holder] -->  flex: 1;<!-- [et_pb_line_break_holder] -->  min-width: 200px;<!-- [et_pb_line_break_holder] -->}<!-- [et_pb_line_break_holder] --><!-- [et_pb_line_break_holder] -->.application-item {<!-- [et_pb_line_break_holder] -->  border-top: 1px solid #000;<!-- [et_pb_line_break_holder] -->  border-bottom: 1px solid #000;<!-- [et_pb_line_break_holder] -->  padding: 20px 0;<!-- [et_pb_line_break_holder] -->  display: flex;<!-- [et_pb_line_break_holder] -->  justify-content: space-between;<!-- [et_pb_line_break_holder] -->  align-items: center;<!-- [et_pb_line_break_holder] -->  font-weight: 700;<!-- [et_pb_line_break_holder] -->  font-style: normal;<!-- [et_pb_line_break_holder] -->  font-size: 22px;<!-- [et_pb_line_break_holder] -->  line-height: 32px;<!-- [et_pb_line_break_holder] -->  letter-spacing: 0;<!-- [et_pb_line_break_holder] -->}<!-- [et_pb_line_break_holder] --><!-- [et_pb_line_break_holder] -->\/* Verhindert doppelte Linien zwischen Items *\/<!-- [et_pb_line_break_holder] -->.application-item + .application-item {<!-- [et_pb_line_break_holder] -->  border-top: none;<!-- [et_pb_line_break_holder] -->}<!-- [et_pb_line_break_holder] --><!-- [et_pb_line_break_holder] -->.application-item a {<!-- [et_pb_line_break_holder] -->  display: flex;<!-- [et_pb_line_break_holder] -->  align-items: center;<!-- [et_pb_line_break_holder] -->  text-decoration: none;<!-- [et_pb_line_break_holder] -->  color:black;<!-- [et_pb_line_break_holder] -->  justify-content:space-between;<!-- [et_pb_line_break_holder] -->  width:100%;<!-- [et_pb_line_break_holder] -->}<!-- [et_pb_line_break_holder] --><!-- [et_pb_line_break_holder] -->.application-arrow {<!-- [et_pb_line_break_holder] -->  display: inline-block;<!-- [et_pb_line_break_holder] -->  width: 24px; \/* Gr\u00f6\u00dfe Pfeil *\/<!-- [et_pb_line_break_holder] -->  height: 24px;<!-- [et_pb_line_break_holder] -->  background-image: url('\/wp-content\/uploads\/2026\/01\/app-overview-arrow.png');<!-- [et_pb_line_break_holder] -->  background-size: contain;<!-- [et_pb_line_break_holder] -->  background-repeat: no-repeat;<!-- [et_pb_line_break_holder] -->  background-position: center;<!-- [et_pb_line_break_holder] -->  margin-left: 10px;<!-- [et_pb_line_break_holder] -->   flex-shrink: 0;   \/* verhindert das Schrumpfen *\/<!-- [et_pb_line_break_holder] -->}<!-- [et_pb_line_break_holder] --><!-- [et_pb_line_break_holder] --><!-- [et_pb_line_break_holder] -->\/* Mobile Schriftgr\u00f6\u00dfe *\/<!-- [et_pb_line_break_holder] -->@media (max-width: 400px) {<!-- [et_pb_line_break_holder] -->  .application-item {<!-- [et_pb_line_break_holder] -->    font-size: 20px;<!-- [et_pb_line_break_holder] -->    line-height: 28px;<!-- [et_pb_line_break_holder] -->  }<!-- [et_pb_line_break_holder] -->}<!-- [et_pb_line_break_holder] --><!-- [et_pb_line_break_holder] -->\/* Tablet und kleiner: Spalten untereinander, Abstand weg, Linien anpassen *\/<!-- [et_pb_line_break_holder] -->@media (max-width: 768px) {<!-- [et_pb_line_break_holder] -->  .application-list {<!-- [et_pb_line_break_holder] -->    flex-direction: column; \/* Spalten untereinander *\/<!-- [et_pb_line_break_holder] -->    gap: 0; \/* Abstand entfernen *\/<!-- [et_pb_line_break_holder] -->  }<!-- [et_pb_line_break_holder] --><!-- [et_pb_line_break_holder] -->  \/* 2. Spalte: obere Linie beim ersten Element entfernen *\/<!-- [et_pb_line_break_holder] -->  .application-column:nth-child(2) .application-item:first-child {<!-- [et_pb_line_break_holder] -->    border-top: none;<!-- [et_pb_line_break_holder] -->  }<!-- [et_pb_line_break_holder] --><!-- [et_pb_line_break_holder] -->  \/* 2. Spalte: obere Linie aller weiteren Items entfernen (damit keine doppelten Linien) *\/<!-- [et_pb_line_break_holder] -->  .application-column:nth-child(2) .application-item + .application-item {<!-- [et_pb_line_break_holder] -->    border-top: none;<!-- [et_pb_line_break_holder] -->  }<!-- [et_pb_line_break_holder] -->}<!-- [et_pb_line_break_holder] --><\/style>\n<p><!-- [et_pb_line_break_holder] --><!-- [et_pb_line_break_holder] --><\/p>\n<div class=\"application-list\"><!-- [et_pb_line_break_holder] --><!-- [et_pb_line_break_holder] -->  <\/p>\n<div class=\"application-column\"><!-- [et_pb_line_break_holder] -->    <\/p>\n<div class=\"application-item\"><!-- [et_pb_line_break_holder] -->      <a href=\"https:\/\/www.biolitec.com\/de\/anwendungen-aesthetik\/\"><span>\u00c4sthetik<\/span><!-- [et_pb_line_break_holder] -->      <span class=\"application-arrow\"><\/span><\/a><!-- [et_pb_line_break_holder] -->    <\/div>\n<p><!-- [et_pb_line_break_holder] -->    <\/p>\n<div class=\"application-item\"><!-- [et_pb_line_break_holder] -->      <a href=\"https:\/\/www.biolitec.com\/de\/anwendungen-hno\/\"><span>HNO<\/span><!-- [et_pb_line_break_holder] -->      <span class=\"application-arrow\"><\/span><\/a><!-- [et_pb_line_break_holder] -->    <\/div>\n<p><!-- [et_pb_line_break_holder] -->    <\/p>\n<div class=\"application-item\"><!-- [et_pb_line_break_holder] -->      <a href=\"https:\/\/www.biolitec.com\/de\/anwendungen-gynaekologie\/\"> <span>Gyn\u00e4kologie<\/span><!-- [et_pb_line_break_holder] -->     <span class=\"application-arrow\"><\/span><\/a><!-- [et_pb_line_break_holder] -->    <\/div>\n<p><!-- [et_pb_line_break_holder] -->    <\/p>\n<div class=\"application-item\"><!-- [et_pb_line_break_holder] -->      <a href=\"https:\/\/www.biolitec.com\/de\/anwendungen-orthopaedie\/\"> <span>Orthop\u00e4die &#038; Schmerztherapie<\/span><!-- [et_pb_line_break_holder] -->     <span class=\"application-arrow\"><\/span><\/a><!-- [et_pb_line_break_holder] -->    <\/div>\n<p><!-- [et_pb_line_break_holder] -->    <\/p>\n<div class=\"application-item\"><!-- [et_pb_line_break_holder] -->      <a href=\"https:\/\/www.biolitec.com\/de\/anwendungen-phlebologie\/\"><span>Phlebologie<\/span><!-- [et_pb_line_break_holder] -->      <span class=\"application-arrow\"><\/span><\/a><!-- [et_pb_line_break_holder] -->    <\/div>\n<p><!-- [et_pb_line_break_holder] -->  <\/div>\n<p><!-- [et_pb_line_break_holder] --><!-- [et_pb_line_break_holder] -->  <\/p>\n<div class=\"application-column\"><!-- [et_pb_line_break_holder] -->    <\/p>\n<div class=\"application-item\"><!-- [et_pb_line_break_holder] -->      <a href=\"https:\/\/www.biolitec.com\/de\/anwendungen-proktologie\/\"><span>Proktologie<\/span><!-- [et_pb_line_break_holder] -->      <span class=\"application-arrow\"><\/span><\/a><!-- [et_pb_line_break_holder] -->    <\/div>\n<p><!-- [et_pb_line_break_holder] -->    <\/p>\n<div class=\"application-item\"><!-- [et_pb_line_break_holder] -->      <a href=\"https:\/\/www.biolitec.com\/de\/anwendungen-thorax-chirurgie\/\"> <span>Thorax-Chirurgie<\/span><!-- [et_pb_line_break_holder] -->     <span class=\"application-arrow\"><\/span><\/a><!-- [et_pb_line_break_holder] -->    <\/div>\n<p><!-- [et_pb_line_break_holder] -->    <\/p>\n<div class=\"application-item\"><!-- [et_pb_line_break_holder] -->      <a href=\"https:\/\/www.biolitec.com\/de\/anwendungen-thyla\/\"><span>Schilddr\u00fcsenbehandlung<\/span><!-- [et_pb_line_break_holder] -->      <span class=\"application-arrow\"><\/span><\/a><!-- [et_pb_line_break_holder] -->    <\/div>\n<p><!-- [et_pb_line_break_holder] -->    <\/p>\n<div class=\"application-item\"><!-- [et_pb_line_break_holder] -->      <a href=\"https:\/\/www.biolitec.com\/de\/anwendungen-urologie\/\"> <span>Urologie<\/span><!-- [et_pb_line_break_holder] -->     <span class=\"application-arrow\"><\/span><\/a><!-- [et_pb_line_break_holder] -->    <\/div>\n<p><!-- [et_pb_line_break_holder] -->  <\/div>\n<p><!-- [et_pb_line_break_holder] --><!-- [et_pb_line_break_holder] --><\/div>\n<p><!-- [et_pb_line_break_holder] -->[\/et_pb_code][et_pb_image src=&#8220;https:\/\/biolitecrelaunch.soltest.de\/wp-content\/uploads\/2026\/01\/human-body-full-glass-mobile.png&#8220; title_text=&#8220;human-body-full-glass-mobile&#8220; disabled_on=&#8220;off|off|on&#8220; _builder_version=&#8220;4.27.4&#8243; _module_preset=&#8220;default&#8220; locked=&#8220;off&#8220; global_colors_info=&#8220;{}&#8220;][\/et_pb_image][et_pb_text _builder_version=&#8220;4.27.4&#8243; _module_preset=&#8220;default&#8220; text_font=&#8220;|700|||||||&#8220; text_font_size=&#8220;22px&#8220; text_line_height=&#8220;28px&#8220; header_font=&#8220;|700|||||||&#8220; header_font_size=&#8220;55px&#8220; header_line_height=&#8220;70px&#8220; max_width=&#8220;500px&#8220; custom_margin=&#8220;||0px||false|false&#8220; custom_padding=&#8220;||50px||false|false&#8220; text_font_size_tablet=&#8220;22px&#8220; text_font_size_phone=&#8220;18px&#8220; text_font_size_last_edited=&#8220;on|phone&#8220; text_line_height_tablet=&#8220;28px&#8220; text_line_height_phone=&#8220;24px&#8220; text_line_height_last_edited=&#8220;on|phone&#8220; header_font_size_tablet=&#8220;55px&#8220; header_font_size_phone=&#8220;34px&#8220; header_font_size_last_edited=&#8220;on|phone&#8220; header_line_height_tablet=&#8220;70px&#8220; header_line_height_phone=&#8220;44px&#8220; header_line_height_last_edited=&#8220;on|phone&#8220; global_colors_info=&#8220;{}&#8220;]<\/p>\n<h1>Ihre Anfrage auf dem kurzen Weg:<\/h1>\n<p>[\/et_pb_text][et_pb_button button_url=&#8220;mailto:info@biolitec.com&#8220; button_text=&#8220;E-Mail senden&#8220; _builder_version=&#8220;4.27.4&#8243; _module_preset=&#8220;ec005714-4627-4503-8dfc-19e85ce1dad1&#8243; locked=&#8220;off&#8220; global_colors_info=&#8220;{}&#8220;][\/et_pb_button][\/et_pb_column][\/et_pb_row][\/et_pb_section][et_pb_section fb_built=&#8220;1&#8243; fullwidth=&#8220;on&#8220; _builder_version=&#8220;4.27.4&#8243; _module_preset=&#8220;default&#8220; global_colors_info=&#8220;{}&#8220;][et_pb_fullwidth_image src=&#8220;https:\/\/biolitecrelaunch.soltest.de\/wp-content\/uploads\/2026\/02\/Biolitec_Medical_Application_treatment-laser.jpg&#8220; title_text=&#8220;Biolitec_Medical_Application_treatment-laser&#8220; _builder_version=&#8220;4.27.4&#8243; _module_preset=&#8220;default&#8220; global_colors_info=&#8220;{}&#8220;][\/et_pb_fullwidth_image][\/et_pb_section]<\/p>\n","protected":false},"excerpt":{"rendered":"<p>ERKUNDEN SIE IHR FACHGEBIETUnsere AnwendungenUnsere medizinischen Laser und Fasern sind \u00fcber viele Fachgebiete hinweg einsetzbar und bieten herausragende Behandlungsoptionen \u2013 f\u00fcr eine schnelle Amortisation. W\u00e4hlen Sie Ihre Anwendung, um mehr zu erfahren:Ihre Anfrage auf dem kurzen Weg:<\/p>\n","protected":false},"author":1,"featured_media":0,"parent":0,"menu_order":0,"comment_status":"closed","ping_status":"closed","template":"","meta":{"_et_pb_use_builder":"on","_et_pb_old_content":"","_et_gb_content_width":"","footnotes":""},"folder":[39],"class_list":["post-3347","page","type-page","status-publish","hentry"],"yoast_head":"<!-- This site is optimized with the Yoast SEO plugin v26.9 - https:\/\/yoast.com\/product\/yoast-seo-wordpress\/ -->\n<title>\u00dcbersicht: Medizinische Laseranwendungen | biolitec\u00ae<\/title>\n<meta name=\"description\" content=\"Medizinische Lasersysteme f\u00fcr minimalinvasive Behandlungen k\u00f6nnen vielseitig eingesetzt werden, von der \u00c4sthetik bis zur Phlebologie.\" \/>\n<meta name=\"robots\" content=\"index, follow, max-snippet:-1, max-image-preview:large, max-video-preview:-1\" \/>\n<link rel=\"canonical\" href=\"https:\/\/www.biolitec.com\/de\/anwendungen\/\" \/>\n<meta property=\"og:locale\" content=\"de_DE\" \/>\n<meta property=\"og:type\" content=\"article\" \/>\n<meta property=\"og:title\" content=\"\u00dcbersicht: Medizinische Laseranwendungen | biolitec\u00ae\" \/>\n<meta property=\"og:description\" content=\"Medizinische Lasersysteme f\u00fcr minimalinvasive Behandlungen k\u00f6nnen vielseitig eingesetzt werden, von der \u00c4sthetik bis zur Phlebologie.\" \/>\n<meta property=\"og:url\" content=\"https:\/\/www.biolitec.com\/de\/anwendungen\/\" \/>\n<meta property=\"og:site_name\" content=\"Biolitec\" \/>\n<meta property=\"article:modified_time\" content=\"2026-04-19T20:58:32+00:00\" \/>\n<meta name=\"twitter:card\" content=\"summary_large_image\" \/>\n<meta name=\"twitter:label1\" content=\"Gesch\u00e4tzte Lesezeit\" \/>\n\t<meta name=\"twitter:data1\" content=\"1\u00a0Minute\" \/>\n<script type=\"application\/ld+json\" class=\"yoast-schema-graph\">{\"@context\":\"https:\/\/schema.org\",\"@graph\":[{\"@type\":\"WebPage\",\"@id\":\"https:\/\/www.biolitec.com\/de\/anwendungen\/\",\"url\":\"https:\/\/www.biolitec.com\/de\/anwendungen\/\",\"name\":\"\u00dcbersicht: Medizinische Laseranwendungen | biolitec\u00ae\",\"isPartOf\":{\"@id\":\"https:\/\/www.biolitec.com\/de\/#website\"},\"datePublished\":\"2026-01-21T10:26:08+00:00\",\"dateModified\":\"2026-04-19T20:58:32+00:00\",\"description\":\"Medizinische Lasersysteme f\u00fcr minimalinvasive Behandlungen k\u00f6nnen vielseitig eingesetzt werden, von der \u00c4sthetik bis zur Phlebologie.\",\"breadcrumb\":{\"@id\":\"https:\/\/www.biolitec.com\/de\/anwendungen\/#breadcrumb\"},\"inLanguage\":\"de\",\"potentialAction\":[{\"@type\":\"ReadAction\",\"target\":[\"https:\/\/www.biolitec.com\/de\/anwendungen\/\"]}]},{\"@type\":\"BreadcrumbList\",\"@id\":\"https:\/\/www.biolitec.com\/de\/anwendungen\/#breadcrumb\",\"itemListElement\":[{\"@type\":\"ListItem\",\"position\":1,\"name\":\"Start\",\"item\":\"https:\/\/www.biolitec.com\/de\/\"},{\"@type\":\"ListItem\",\"position\":2,\"name\":\"Anwendungen\"}]},{\"@type\":\"WebSite\",\"@id\":\"https:\/\/www.biolitec.com\/de\/#website\",\"url\":\"https:\/\/www.biolitec.com\/de\/\",\"name\":\"Biolitec\",\"description\":\"\",\"potentialAction\":[{\"@type\":\"SearchAction\",\"target\":{\"@type\":\"EntryPoint\",\"urlTemplate\":\"https:\/\/www.biolitec.com\/de\/?s={search_term_string}\"},\"query-input\":{\"@type\":\"PropertyValueSpecification\",\"valueRequired\":true,\"valueName\":\"search_term_string\"}}],\"inLanguage\":\"de\"}]}<\/script>\n<!-- \/ Yoast SEO plugin. -->","yoast_head_json":{"title":"\u00dcbersicht: Medizinische Laseranwendungen | biolitec\u00ae","description":"Medizinische Lasersysteme f\u00fcr minimalinvasive Behandlungen k\u00f6nnen vielseitig eingesetzt werden, von der \u00c4sthetik bis zur Phlebologie.","robots":{"index":"index","follow":"follow","max-snippet":"max-snippet:-1","max-image-preview":"max-image-preview:large","max-video-preview":"max-video-preview:-1"},"canonical":"https:\/\/www.biolitec.com\/de\/anwendungen\/","og_locale":"de_DE","og_type":"article","og_title":"\u00dcbersicht: Medizinische Laseranwendungen | biolitec\u00ae","og_description":"Medizinische Lasersysteme f\u00fcr minimalinvasive Behandlungen k\u00f6nnen vielseitig eingesetzt werden, von der \u00c4sthetik bis zur Phlebologie.","og_url":"https:\/\/www.biolitec.com\/de\/anwendungen\/","og_site_name":"Biolitec","article_modified_time":"2026-04-19T20:58:32+00:00","twitter_card":"summary_large_image","twitter_misc":{"Gesch\u00e4tzte Lesezeit":"1\u00a0Minute"},"schema":{"@context":"https:\/\/schema.org","@graph":[{"@type":"WebPage","@id":"https:\/\/www.biolitec.com\/de\/anwendungen\/","url":"https:\/\/www.biolitec.com\/de\/anwendungen\/","name":"\u00dcbersicht: Medizinische Laseranwendungen | biolitec\u00ae","isPartOf":{"@id":"https:\/\/www.biolitec.com\/de\/#website"},"datePublished":"2026-01-21T10:26:08+00:00","dateModified":"2026-04-19T20:58:32+00:00","description":"Medizinische Lasersysteme f\u00fcr minimalinvasive Behandlungen k\u00f6nnen vielseitig eingesetzt werden, von der \u00c4sthetik bis zur Phlebologie.","breadcrumb":{"@id":"https:\/\/www.biolitec.com\/de\/anwendungen\/#breadcrumb"},"inLanguage":"de","potentialAction":[{"@type":"ReadAction","target":["https:\/\/www.biolitec.com\/de\/anwendungen\/"]}]},{"@type":"BreadcrumbList","@id":"https:\/\/www.biolitec.com\/de\/anwendungen\/#breadcrumb","itemListElement":[{"@type":"ListItem","position":1,"name":"Start","item":"https:\/\/www.biolitec.com\/de\/"},{"@type":"ListItem","position":2,"name":"Anwendungen"}]},{"@type":"WebSite","@id":"https:\/\/www.biolitec.com\/de\/#website","url":"https:\/\/www.biolitec.com\/de\/","name":"Biolitec","description":"","potentialAction":[{"@type":"SearchAction","target":{"@type":"EntryPoint","urlTemplate":"https:\/\/www.biolitec.com\/de\/?s={search_term_string}"},"query-input":{"@type":"PropertyValueSpecification","valueRequired":true,"valueName":"search_term_string"}}],"inLanguage":"de"}]}},"_links":{"self":[{"href":"https:\/\/www.biolitec.com\/de\/wp-json\/wp\/v2\/pages\/3347","targetHints":{"allow":["GET"]}}],"collection":[{"href":"https:\/\/www.biolitec.com\/de\/wp-json\/wp\/v2\/pages"}],"about":[{"href":"https:\/\/www.biolitec.com\/de\/wp-json\/wp\/v2\/types\/page"}],"author":[{"embeddable":true,"href":"https:\/\/www.biolitec.com\/de\/wp-json\/wp\/v2\/users\/1"}],"replies":[{"embeddable":true,"href":"https:\/\/www.biolitec.com\/de\/wp-json\/wp\/v2\/comments?post=3347"}],"version-history":[{"count":12,"href":"https:\/\/www.biolitec.com\/de\/wp-json\/wp\/v2\/pages\/3347\/revisions"}],"predecessor-version":[{"id":4582,"href":"https:\/\/www.biolitec.com\/de\/wp-json\/wp\/v2\/pages\/3347\/revisions\/4582"}],"wp:attachment":[{"href":"https:\/\/www.biolitec.com\/de\/wp-json\/wp\/v2\/media?parent=3347"}],"wp:term":[{"taxonomy":"folder","embeddable":true,"href":"https:\/\/www.biolitec.com\/de\/wp-json\/wp\/v2\/folder?post=3347"}],"curies":[{"name":"wp","href":"https:\/\/api.w.org\/{rel}","templated":true}]}}